{"id":1111,"date":"2025-09-19T09:13:56","date_gmt":"2025-09-19T07:13:56","guid":{"rendered":"https:\/\/kapadent.sk\/services\/botulinum-toxin-application\/"},"modified":"2025-09-23T11:22:43","modified_gmt":"2025-09-23T09:22:43","slug":"botulinum-toxin-application","status":"publish","type":"page","link":"https:\/\/kapadent.sk\/en\/services\/botulinum-toxin-application\/","title":{"rendered":"Botulinum Toxin Application"},"content":{"rendered":"\t\t<div data-elementor-type=\"wp-page\" data-elementor-id=\"1111\" class=\"elementor elementor-1111 elementor-993\" data-elementor-post-type=\"page\">\n\t\t\t\t<div class=\"elementor-element elementor-element-188cfc8f e-flex e-con-boxed e-con e-parent\" data-id=\"188cfc8f\" data-element_type=\"container\" data-settings=\"{&quot;background_background&quot;:&quot;classic&quot;}\">\n\t\t\t\t\t<div class=\"e-con-inner\">\n\t\t<div class=\"elementor-element elementor-element-4a7dcbe0 e-con-full e-flex e-con e-child\" data-id=\"4a7dcbe0\" data-element_type=\"container\">\n\t\t\t\t<div class=\"elementor-element elementor-element-736afeb2 elementor-align-center elementor-widget elementor-widget-breadcrumbs\" data-id=\"736afeb2\" data-element_type=\"widget\" data-widget_type=\"breadcrumbs.default\">\n\t\t\t\t\t<p id=\"breadcrumbs\"><span><span><a href=\"https:\/\/kapadent.sk\/en\/home\/\">Kapadent<\/a><\/span><\/span><\/p>\t\t\t\t<\/div>\n\t\t\t\t<\/div>\n\t\t\t\t\t<\/div>\n\t\t\t\t<\/div>\n\t\t<div class=\"elementor-element elementor-element-2952a1b3 e-flex e-con-boxed e-con e-parent\" data-id=\"2952a1b3\" data-element_type=\"container\">\n\t\t\t\t\t<div class=\"e-con-inner\">\n\t\t<div class=\"elementor-element elementor-element-20a1b488 e-con-full e-flex e-con e-child\" data-id=\"20a1b488\" data-element_type=\"container\">\n\t\t\t\t<div class=\"elementor-element elementor-element-f51750a elementor-view-stacked elementor-shape-rounded elementor-position-inline-start elementor-mobile-position-inline-start elementor-widget elementor-widget-icon-box\" data-id=\"f51750a\" data-element_type=\"widget\" data-widget_type=\"icon-box.default\">\n\t\t\t\t\t\t\t<div class=\"elementor-icon-box-wrapper\">\n\n\t\t\t\t\t\t<div class=\"elementor-icon-box-icon\">\n\t\t\t\t<span  class=\"elementor-icon\">\n\t\t\t\t<svg aria-hidden=\"true\" class=\"e-font-icon-svg e-fas-info\" viewBox=\"0 0 192 512\" xmlns=\"http:\/\/www.w3.org\/2000\/svg\"><path d=\"M20 424.229h20V279.771H20c-11.046 0-20-8.954-20-20V212c0-11.046 8.954-20 20-20h112c11.046 0 20 8.954 20 20v212.229h20c11.046 0 20 8.954 20 20V492c0 11.046-8.954 20-20 20H20c-11.046 0-20-8.954-20-20v-47.771c0-11.046 8.954-20 20-20zM96 0C56.235 0 24 32.235 24 72s32.235 72 72 72 72-32.235 72-72S135.764 0 96 0z\"><\/path><\/svg>\t\t\t\t<\/span>\n\t\t\t<\/div>\n\t\t\t\n\t\t\t\t\t\t<div class=\"elementor-icon-box-content\">\n\n\t\t\t\t\t\t\t\t\t<h2 class=\"elementor-icon-box-title\">\n\t\t\t\t\t\t<span  >\n\t\t\t\t\t\t\tAbout the service\t\t\t\t\t\t<\/span>\n\t\t\t\t\t<\/h2>\n\t\t\t\t\n\t\t\t\t\n\t\t\t<\/div>\n\t\t\t\n\t\t<\/div>\n\t\t\t\t\t\t<\/div>\n\t\t\t\t<div class=\"elementor-element elementor-element-7721784a elementor-widget elementor-widget-text-editor\" data-id=\"7721784a\" data-element_type=\"widget\" data-widget_type=\"text-editor.default\">\n\t\t\t\t\t\t\t\t\t<h3>Botulinum Toxin \u2013 a Gentle and Effective Solution for Aesthetics and Function<\/h3><p>In our clinic, I offer botulinum toxin treatment, which helps not only to <strong>soften expression lines<\/strong> but also to address various functional issues. Botulinum toxin temporarily <strong>relaxes overactive muscles<\/strong>, resulting in a natural and fresh appearance without loss of facial expressions.<\/p>\t\t\t\t\t\t\t\t<\/div>\n\t\t\t\t<div class=\"elementor-element elementor-element-5dc51bbe elementor-widget elementor-widget-heading\" data-id=\"5dc51bbe\" data-element_type=\"widget\" data-widget_type=\"heading.default\">\n\t\t\t\t\t<h3 class=\"elementor-heading-title elementor-size-default\">Benefits of Botulinum Toxin<\/h3>\t\t\t\t<\/div>\n\t\t\t\t<div class=\"elementor-element elementor-element-328d4f65 elementor-icon-list--layout-traditional elementor-list-item-link-full_width elementor-widget elementor-widget-icon-list\" data-id=\"328d4f65\" data-element_type=\"widget\" data-widget_type=\"icon-list.default\">\n\t\t\t\t\t\t\t<ul class=\"elementor-icon-list-items\">\n\t\t\t\t\t\t\t<li class=\"elementor-icon-list-item\">\n\t\t\t\t\t\t\t\t\t\t\t<span class=\"elementor-icon-list-icon\">\n\t\t\t\t\t\t\t<svg aria-hidden=\"true\" class=\"e-font-icon-svg e-fas-check\" viewBox=\"0 0 512 512\" xmlns=\"http:\/\/www.w3.org\/2000\/svg\"><path d=\"M173.898 439.404l-166.4-166.4c-9.997-9.997-9.997-26.206 0-36.204l36.203-36.204c9.997-9.998 26.207-9.998 36.204 0L192 312.69 432.095 72.596c9.997-9.997 26.207-9.997 36.204 0l36.203 36.204c9.997 9.997 9.997 26.206 0 36.204l-294.4 294.401c-9.998 9.997-26.207 9.997-36.204-.001z\"><\/path><\/svg>\t\t\t\t\t\t<\/span>\n\t\t\t\t\t\t\t\t\t\t<span class=\"elementor-icon-list-text\">reduction of wrinkles on the forehead, between the eyebrows, and around the eyes<\/span>\n\t\t\t\t\t\t\t\t\t<\/li>\n\t\t\t\t\t\t\t\t<li class=\"elementor-icon-list-item\">\n\t\t\t\t\t\t\t\t\t\t\t<span class=\"elementor-icon-list-icon\">\n\t\t\t\t\t\t\t<svg aria-hidden=\"true\" class=\"e-font-icon-svg e-fas-check\" viewBox=\"0 0 512 512\" xmlns=\"http:\/\/www.w3.org\/2000\/svg\"><path d=\"M173.898 439.404l-166.4-166.4c-9.997-9.997-9.997-26.206 0-36.204l36.203-36.204c9.997-9.998 26.207-9.998 36.204 0L192 312.69 432.095 72.596c9.997-9.997 26.207-9.997 36.204 0l36.203 36.204c9.997 9.997 9.997 26.206 0 36.204l-294.4 294.401c-9.998 9.997-26.207 9.997-36.204-.001z\"><\/path><\/svg>\t\t\t\t\t\t<\/span>\n\t\t\t\t\t\t\t\t\t\t<span class=\"elementor-icon-list-text\">addressing the \"gummy smile\" issue<\/span>\n\t\t\t\t\t\t\t\t\t<\/li>\n\t\t\t\t\t\t\t\t<li class=\"elementor-icon-list-item\">\n\t\t\t\t\t\t\t\t\t\t\t<span class=\"elementor-icon-list-icon\">\n\t\t\t\t\t\t\t<svg aria-hidden=\"true\" class=\"e-font-icon-svg e-fas-check\" viewBox=\"0 0 512 512\" xmlns=\"http:\/\/www.w3.org\/2000\/svg\"><path d=\"M173.898 439.404l-166.4-166.4c-9.997-9.997-9.997-26.206 0-36.204l36.203-36.204c9.997-9.998 26.207-9.998 36.204 0L192 312.69 432.095 72.596c9.997-9.997 26.207-9.997 36.204 0l36.203 36.204c9.997 9.997 9.997 26.206 0 36.204l-294.4 294.401c-9.998 9.997-26.207 9.997-36.204-.001z\"><\/path><\/svg>\t\t\t\t\t\t<\/span>\n\t\t\t\t\t\t\t\t\t\t<span class=\"elementor-icon-list-text\">correction of drooping mouth corners and \"orange peel\" chin<\/span>\n\t\t\t\t\t\t\t\t\t<\/li>\n\t\t\t\t\t\t\t\t<li class=\"elementor-icon-list-item\">\n\t\t\t\t\t\t\t\t\t\t\t<span class=\"elementor-icon-list-icon\">\n\t\t\t\t\t\t\t<svg aria-hidden=\"true\" class=\"e-font-icon-svg e-fas-check\" viewBox=\"0 0 512 512\" xmlns=\"http:\/\/www.w3.org\/2000\/svg\"><path d=\"M173.898 439.404l-166.4-166.4c-9.997-9.997-9.997-26.206 0-36.204l36.203-36.204c9.997-9.998 26.207-9.998 36.204 0L192 312.69 432.095 72.596c9.997-9.997 26.207-9.997 36.204 0l36.203 36.204c9.997 9.997 9.997 26.206 0 36.204l-294.4 294.401c-9.998 9.997-26.207 9.997-36.204-.001z\"><\/path><\/svg>\t\t\t\t\t\t<\/span>\n\t\t\t\t\t\t\t\t\t\t<span class=\"elementor-icon-list-text\">alleviation of teeth grinding (bruxism) and pain in the masticatory muscles<\/span>\n\t\t\t\t\t\t\t\t\t<\/li>\n\t\t\t\t\t\t\t\t<li class=\"elementor-icon-list-item\">\n\t\t\t\t\t\t\t\t\t\t\t<span class=\"elementor-icon-list-icon\">\n\t\t\t\t\t\t\t<svg aria-hidden=\"true\" class=\"e-font-icon-svg e-fas-check\" viewBox=\"0 0 512 512\" xmlns=\"http:\/\/www.w3.org\/2000\/svg\"><path d=\"M173.898 439.404l-166.4-166.4c-9.997-9.997-9.997-26.206 0-36.204l36.203-36.204c9.997-9.998 26.207-9.998 36.204 0L192 312.69 432.095 72.596c9.997-9.997 26.207-9.997 36.204 0l36.203 36.204c9.997 9.997 9.997 26.206 0 36.204l-294.4 294.401c-9.998 9.997-26.207 9.997-36.204-.001z\"><\/path><\/svg>\t\t\t\t\t\t<\/span>\n\t\t\t\t\t\t\t\t\t\t<span class=\"elementor-icon-list-text\">elimination of excessive sweating<\/span>\n\t\t\t\t\t\t\t\t\t<\/li>\n\t\t\t\t\t\t\t\t<li class=\"elementor-icon-list-item\">\n\t\t\t\t\t\t\t\t\t\t\t<span class=\"elementor-icon-list-icon\">\n\t\t\t\t\t\t\t<svg aria-hidden=\"true\" class=\"e-font-icon-svg e-fas-check\" viewBox=\"0 0 512 512\" xmlns=\"http:\/\/www.w3.org\/2000\/svg\"><path d=\"M173.898 439.404l-166.4-166.4c-9.997-9.997-9.997-26.206 0-36.204l36.203-36.204c9.997-9.998 26.207-9.998 36.204 0L192 312.69 432.095 72.596c9.997-9.997 26.207-9.997 36.204 0l36.203 36.204c9.997 9.997 9.997 26.206 0 36.204l-294.4 294.401c-9.998 9.997-26.207 9.997-36.204-.001z\"><\/path><\/svg>\t\t\t\t\t\t<\/span>\n\t\t\t\t\t\t\t\t\t\t<span class=\"elementor-icon-list-text\">quick procedure with minimal discomfort and no recovery time needed<\/span>\n\t\t\t\t\t\t\t\t\t<\/li>\n\t\t\t\t\t\t<\/ul>\n\t\t\t\t\t\t<\/div>\n\t\t\t\t<div class=\"elementor-element elementor-element-7945540d elementor-widget elementor-widget-text-editor\" data-id=\"7945540d\" data-element_type=\"widget\" data-widget_type=\"text-editor.default\">\n\t\t\t\t\t\t\t\t\t<p>Botulinum toxin is a <strong>modern, safe, and proven method<\/strong> to subtly rejuvenate your appearance while also addressing certain health concerns.<\/p>\t\t\t\t\t\t\t\t<\/div>\n\t\t\t\t<div class=\"elementor-element elementor-element-656cc4b elementor-align-left elementor-mobile-align-justify elementor-hidden-desktop elementor-hidden-tablet elementor-hidden-mobile elementor-widget elementor-widget-button\" data-id=\"656cc4b\" data-element_type=\"widget\" data-widget_type=\"button.default\">\n\t\t\t\t\t\t\t\t\t\t<a class=\"elementor-button elementor-button-link elementor-size-sm\" href=\"https:\/\/kapadent.sk\/en\/price-list\/#bielenie\">\n\t\t\t\t\t\t<span class=\"elementor-button-content-wrapper\">\n\t\t\t\t\t\t\t\t\t<span class=\"elementor-button-text\">View price list<\/span>\n\t\t\t\t\t<\/span>\n\t\t\t\t\t<\/a>\n\t\t\t\t\t\t\t\t<\/div>\n\t\t\t\t<\/div>\n\t\t<div class=\"elementor-element elementor-element-fd80482 e-con-full e-flex e-con e-child\" data-id=\"fd80482\" data-element_type=\"container\">\n\t\t\t\t<div class=\"elementor-element elementor-element-4bf9b2be elementor-widget elementor-widget-image\" data-id=\"4bf9b2be\" data-element_type=\"widget\" data-widget_type=\"image.default\">\n\t\t\t\t\t\t\t\t\t\t\t\t\t\t\t<img fetchpriority=\"high\" decoding=\"async\" width=\"600\" height=\"900\" src=\"https:\/\/kapadent.sk\/wp-content\/uploads\/2025\/09\/aplikacia-botulotoxinu.jpg\" class=\"attachment-full size-full wp-image-995\" alt=\"Botulotox\u00edn pom\u00e1ha uvo\u013eni\u0165 svaly a vyhladi\u0165 mimick\u00e9 vr\u00e1sky.\" srcset=\"https:\/\/kapadent.sk\/wp-content\/uploads\/2025\/09\/aplikacia-botulotoxinu.jpg 600w, https:\/\/kapadent.sk\/wp-content\/uploads\/2025\/09\/aplikacia-botulotoxinu-200x300.jpg 200w\" sizes=\"(max-width: 600px) 100vw, 600px\" \/>\t\t\t\t\t\t\t\t\t\t\t\t\t\t\t<\/div>\n\t\t\t\t<\/div>\n\t\t\t\t\t<\/div>\n\t\t\t\t<\/div>\n\t\t<div class=\"elementor-element elementor-element-9cfa654 e-flex e-con-boxed e-con e-parent\" data-id=\"9cfa654\" data-element_type=\"container\">\n\t\t\t\t\t<div class=\"e-con-inner\">\n\t\t<div class=\"elementor-element elementor-element-f6828ec e-con-full e-flex e-con e-child\" data-id=\"f6828ec\" data-element_type=\"container\" data-settings=\"{&quot;background_background&quot;:&quot;classic&quot;}\">\n\t\t\t\t<div class=\"elementor-element elementor-element-269e5530 elementor-widget elementor-widget-heading\" data-id=\"269e5530\" data-element_type=\"widget\" data-widget_type=\"heading.default\">\n\t\t\t\t\t<h2 class=\"elementor-heading-title elementor-size-default\">Book an appointment<\/h2>\t\t\t\t<\/div>\n\t\t<div class=\"elementor-element elementor-element-5bf85f1d e-con-full e-flex e-con e-child\" data-id=\"5bf85f1d\" data-element_type=\"container\">\n\t\t\t\t<div class=\"elementor-element elementor-element-5d2b9120 elementor-icon-list--layout-traditional elementor-list-item-link-full_width elementor-widget elementor-widget-icon-list\" data-id=\"5d2b9120\" data-element_type=\"widget\" data-widget_type=\"icon-list.default\">\n\t\t\t\t\t\t\t<ul class=\"elementor-icon-list-items\">\n\t\t\t\t\t\t\t<li class=\"elementor-icon-list-item\">\n\t\t\t\t\t\t\t\t\t\t\t<a href=\"tel:+421948370604\">\n\n\t\t\t\t\t\t\t\t\t\t\t\t<span class=\"elementor-icon-list-icon\">\n\t\t\t\t\t\t\t<svg aria-hidden=\"true\" class=\"e-font-icon-svg e-fas-phone-alt\" viewBox=\"0 0 512 512\" xmlns=\"http:\/\/www.w3.org\/2000\/svg\"><path d=\"M497.39 361.8l-112-48a24 24 0 0 0-28 6.9l-49.6 60.6A370.66 370.66 0 0 1 130.6 204.11l60.6-49.6a23.94 23.94 0 0 0 6.9-28l-48-112A24.16 24.16 0 0 0 122.6.61l-104 24A24 24 0 0 0 0 48c0 256.5 207.9 464 464 464a24 24 0 0 0 23.4-18.6l24-104a24.29 24.29 0 0 0-14.01-27.6z\"><\/path><\/svg>\t\t\t\t\t\t<\/span>\n\t\t\t\t\t\t\t\t\t\t<span class=\"elementor-icon-list-text\">+42194837060<\/span>\n\t\t\t\t\t\t\t\t\t\t\t<\/a>\n\t\t\t\t\t\t\t\t\t<\/li>\n\t\t\t\t\t\t<\/ul>\n\t\t\t\t\t\t<\/div>\n\t\t\t\t<div class=\"elementor-element elementor-element-9b07ee3 elementor-align-right elementor-mobile-align-justify elementor-widget elementor-widget-button\" data-id=\"9b07ee3\" data-element_type=\"widget\" data-widget_type=\"button.default\">\n\t\t\t\t\t\t\t\t\t\t<a class=\"elementor-button elementor-button-link elementor-size-sm elementor-animation-float\" href=\"https:\/\/kapadent.sk\/en\/contact\/\">\n\t\t\t\t\t\t<span class=\"elementor-button-content-wrapper\">\n\t\t\t\t\t\t\t\t\t<span class=\"elementor-button-text\">Contact<\/span>\n\t\t\t\t\t<\/span>\n\t\t\t\t\t<\/a>\n\t\t\t\t\t\t\t\t<\/div>\n\t\t\t\t<\/div>\n\t\t\t\t<\/div>\n\t\t\t\t\t<\/div>\n\t\t\t\t<\/div>\n\t\t\t\t<\/div>\n\t\t","protected":false},"excerpt":{"rendered":"<p>About the service Botulinum Toxin \u2013 a Gentle and Effective Solution for Aesthetics and Function In our clinic, I offer botulinum toxin treatment, which helps not only to soften expression lines but also to address various functional issues. Botulinum toxin temporarily relaxes overactive muscles, resulting in a natural and fresh appearance without loss of facial [&hellip;]<\/p>\n","protected":false},"author":1,"featured_media":0,"parent":707,"menu_order":0,"comment_status":"closed","ping_status":"closed","template":"","meta":{"_acf_changed":false,"footnotes":""},"class_list":["post-1111","page","type-page","status-publish","hentry"],"acf":[],"yoast_head":"<!-- This site is optimized with the Yoast SEO plugin v26.6 - https:\/\/yoast.com\/wordpress\/plugins\/seo\/ -->\n<title>Botulinum Toxin Application | Kapadent<\/title>\n<meta name=\"description\" content=\"Our clinic offers botulinum toxin treatments for a naturally refreshed appearance, wrinkle smoothing, and relief from functional difficulties.\" \/>\n<meta name=\"robots\" content=\"index, follow, max-snippet:-1, max-image-preview:large, max-video-preview:-1\" \/>\n<link rel=\"canonical\" href=\"https:\/\/kapadent.sk\/en\/services\/botulinum-toxin-application\/\" \/>\n<meta property=\"og:locale\" content=\"en_US\" \/>\n<meta property=\"og:type\" content=\"article\" \/>\n<meta property=\"og:title\" content=\"Botulinum Toxin Application | Kapadent\" \/>\n<meta property=\"og:description\" content=\"Our clinic offers botulinum toxin treatments for a naturally refreshed appearance, wrinkle smoothing, and relief from functional difficulties.\" \/>\n<meta property=\"og:url\" content=\"https:\/\/kapadent.sk\/en\/services\/botulinum-toxin-application\/\" \/>\n<meta property=\"og:site_name\" content=\"Kapadent\" \/>\n<meta property=\"article:modified_time\" content=\"2025-09-23T09:22:43+00:00\" \/>\n<meta property=\"og:image\" content=\"https:\/\/kapadent.sk\/wp-content\/uploads\/2025\/09\/aplikacia-botulotoxinu.jpg\" \/>\n\t<meta property=\"og:image:width\" content=\"600\" \/>\n\t<meta property=\"og:image:height\" content=\"900\" \/>\n\t<meta property=\"og:image:type\" content=\"image\/jpeg\" \/>\n<meta name=\"twitter:card\" content=\"summary_large_image\" \/>\n<meta name=\"twitter:label1\" content=\"Est. reading time\" \/>\n\t<meta name=\"twitter:data1\" content=\"1 minute\" \/>\n<!-- \/ Yoast SEO plugin. -->","yoast_head_json":{"title":"Botulinum Toxin Application | Kapadent","description":"Our clinic offers botulinum toxin treatments for a naturally refreshed appearance, wrinkle smoothing, and relief from functional difficulties.","robots":{"index":"index","follow":"follow","max-snippet":"max-snippet:-1","max-image-preview":"max-image-preview:large","max-video-preview":"max-video-preview:-1"},"canonical":"https:\/\/kapadent.sk\/en\/services\/botulinum-toxin-application\/","og_locale":"en_US","og_type":"article","og_title":"Botulinum Toxin Application | Kapadent","og_description":"Our clinic offers botulinum toxin treatments for a naturally refreshed appearance, wrinkle smoothing, and relief from functional difficulties.","og_url":"https:\/\/kapadent.sk\/en\/services\/botulinum-toxin-application\/","og_site_name":"Kapadent","article_modified_time":"2025-09-23T09:22:43+00:00","og_image":[{"width":600,"height":900,"url":"https:\/\/kapadent.sk\/wp-content\/uploads\/2025\/09\/aplikacia-botulotoxinu.jpg","type":"image\/jpeg"}],"twitter_card":"summary_large_image","twitter_misc":{"Est. reading time":"1 minute"},"schema":{"@context":"https:\/\/schema.org","@graph":[{"@type":"WebPage","@id":"https:\/\/kapadent.sk\/en\/services\/botulinum-toxin-application\/","url":"https:\/\/kapadent.sk\/en\/services\/botulinum-toxin-application\/","name":"Botulinum Toxin Application | Kapadent","isPartOf":{"@id":"https:\/\/kapadent.sk\/en\/#website"},"primaryImageOfPage":{"@id":"https:\/\/kapadent.sk\/en\/services\/botulinum-toxin-application\/#primaryimage"},"image":{"@id":"https:\/\/kapadent.sk\/en\/services\/botulinum-toxin-application\/#primaryimage"},"thumbnailUrl":"https:\/\/kapadent.sk\/wp-content\/uploads\/2025\/09\/aplikacia-botulotoxinu.jpg","datePublished":"2025-09-19T07:13:56+00:00","dateModified":"2025-09-23T09:22:43+00:00","description":"Our clinic offers botulinum toxin treatments for a naturally refreshed appearance, wrinkle smoothing, and relief from functional difficulties.","breadcrumb":{"@id":"https:\/\/kapadent.sk\/en\/services\/botulinum-toxin-application\/#breadcrumb"},"inLanguage":"en-US","potentialAction":[{"@type":"ReadAction","target":["https:\/\/kapadent.sk\/en\/services\/botulinum-toxin-application\/"]}]},{"@type":"ImageObject","inLanguage":"en-US","@id":"https:\/\/kapadent.sk\/en\/services\/botulinum-toxin-application\/#primaryimage","url":"https:\/\/kapadent.sk\/wp-content\/uploads\/2025\/09\/aplikacia-botulotoxinu.jpg","contentUrl":"https:\/\/kapadent.sk\/wp-content\/uploads\/2025\/09\/aplikacia-botulotoxinu.jpg"},{"@type":"BreadcrumbList","@id":"https:\/\/kapadent.sk\/en\/services\/botulinum-toxin-application\/#breadcrumb","itemListElement":[{"@type":"ListItem","position":1,"name":"Kapadent","item":"https:\/\/kapadent.sk\/en\/home\/"},{"@type":"ListItem","position":2,"name":"Services","item":"https:\/\/kapadent.sk\/en\/services\/"},{"@type":"ListItem","position":3,"name":"Botulinum Toxin Application"}]},{"@type":"WebSite","@id":"https:\/\/kapadent.sk\/en\/#website","url":"https:\/\/kapadent.sk\/en\/","name":"Kapadent","description":"","potentialAction":[{"@type":"SearchAction","target":{"@type":"EntryPoint","urlTemplate":"https:\/\/kapadent.sk\/en\/?s={search_term_string}"},"query-input":{"@type":"PropertyValueSpecification","valueRequired":true,"valueName":"search_term_string"}}],"inLanguage":"en-US"}]}},"_links":{"self":[{"href":"https:\/\/kapadent.sk\/en\/wp-json\/wp\/v2\/pages\/1111","targetHints":{"allow":["GET"]}}],"collection":[{"href":"https:\/\/kapadent.sk\/en\/wp-json\/wp\/v2\/pages"}],"about":[{"href":"https:\/\/kapadent.sk\/en\/wp-json\/wp\/v2\/types\/page"}],"author":[{"embeddable":true,"href":"https:\/\/kapadent.sk\/en\/wp-json\/wp\/v2\/users\/1"}],"replies":[{"embeddable":true,"href":"https:\/\/kapadent.sk\/en\/wp-json\/wp\/v2\/comments?post=1111"}],"version-history":[{"count":5,"href":"https:\/\/kapadent.sk\/en\/wp-json\/wp\/v2\/pages\/1111\/revisions"}],"predecessor-version":[{"id":1136,"href":"https:\/\/kapadent.sk\/en\/wp-json\/wp\/v2\/pages\/1111\/revisions\/1136"}],"up":[{"embeddable":true,"href":"https:\/\/kapadent.sk\/en\/wp-json\/wp\/v2\/pages\/707"}],"wp:attachment":[{"href":"https:\/\/kapadent.sk\/en\/wp-json\/wp\/v2\/media?parent=1111"}],"curies":[{"name":"wp","href":"https:\/\/api.w.org\/{rel}","templated":true}]}}